{"id":10139,"date":"2024-03-21T23:23:22","date_gmt":"2024-03-21T22:23:22","guid":{"rendered":"https:\/\/klipfel.ch\/protection-des-donnees\/"},"modified":"2026-03-10T13:14:05","modified_gmt":"2026-03-10T12:14:05","slug":"protection-des-donnees","status":"publish","type":"page","link":"https:\/\/klipfel.ch\/fr\/protection-des-donnees\/","title":{"rendered":"Protection des donn\u00e9es"},"content":{"rendered":"\t\t<div data-elementor-type=\"wp-page\" data-elementor-id=\"10139\" class=\"elementor elementor-10139 elementor-454\" data-elementor-post-type=\"page\">\n\t\t\t\t<div class=\"elementor-element elementor-element-19903bb e-flex e-con-boxed e-con e-parent\" data-id=\"19903bb\" data-element_type=\"container\" data-e-type=\"container\">\n\t\t\t\t\t<div class=\"e-con-inner\">\n\t\t\t\t<div class=\"elementor-element elementor-element-3854d72 elementor-widget elementor-widget-heading\" data-id=\"3854d72\" data-element_type=\"widget\" data-e-type=\"widget\" data-widget_type=\"heading.default\">\n\t\t\t\t<div class=\"elementor-widget-container\">\n\t\t\t\t\t<h1 class=\"elementor-heading-title elementor-size-default\">Politique de confidentialit\u00e9<\/h1>\t\t\t\t<\/div>\n\t\t\t\t<\/div>\n\t\t\t\t\t<\/div>\n\t\t\t\t<\/div>\n\t\t<div class=\"elementor-element elementor-element-db33c29 e-flex e-con-boxed e-con e-parent\" data-id=\"db33c29\" data-element_type=\"container\" data-e-type=\"container\">\n\t\t\t\t\t<div class=\"e-con-inner\">\n\t\t\t\t<div class=\"elementor-element elementor-element-718a29c elementor-widget elementor-widget-text-editor\" data-id=\"718a29c\" data-element_type=\"widget\" data-e-type=\"widget\" data-widget_type=\"text-editor.default\">\n\t\t\t\t<div class=\"elementor-widget-container\">\n\t\t\t\t\t\t\t\t\t<p style=\"font-weight: 400;\"><strong>politique de confidentialit\u00e9<\/strong><\/p><p style=\"font-weight: 400;\">Nous nous engageons \u00e0 prot\u00e9ger la vie priv\u00e9e de toutes les personnes utilisant notre site internet ainsi qu&#8217;\u00e0 traiter de fa\u00e7on confidentielle les donn\u00e9es personnelles que nous fournissent nos utilisateurs. <\/p><p style=\"font-weight: 400;\"><strong>Donn\u00e9es personnelles<\/strong><\/p><p style=\"font-weight: 400;\">Nous collectons les donn\u00e9es que vous mettez volontairement \u00e0 notre disposition, comme par exemple votre nom, votre adresse, votre num\u00e9ro de t\u00e9l\u00e9phone et votre adresse e-mail dans le cadre de nos formulaires de contact et de demande ou de l&#8217;inscription \u00e0 notre newsletter. En envoyant un formulaire, vous acceptez le traitement de vos donn\u00e9es personnelles par Klipfel Levure SA.  <\/p><p style=\"font-weight: 400;\"><strong>Utilisation des donn\u00e9es personnelles<\/strong><\/p><p style=\"font-weight: 400;\">Les informations recueillies sont utilis\u00e9es exclusivement pour entrer en contact avec vous. Les donn\u00e9es personnelles de nos utilisateurs ne sont pas transmises \u00e0 des tiers. Nous ne cr\u00e9ons pas de profils personnels de nos utilisateurs.   <\/p><p style=\"font-weight: 400;\"><strong>S\u00e9curit\u00e9, stockage et conservation <\/strong><\/p><p style=\"font-weight: 400;\">Afin de garantir la s\u00e9curit\u00e9 de vos donn\u00e9es lors de leur transmission, nous utilisons des m\u00e9thodes de cryptage (telles que SSL) via HTTPS, qui refl\u00e8tent l&#8217;\u00e9tat actuel de la technique.<\/p><p style=\"font-weight: 400;\">Vous pouvez \u00e0 tout moment obtenir de notre part des informations sur les donn\u00e9es que vous avez enregistr\u00e9es chez nous ou demander leur suppression.<\/p><p style=\"font-weight: 400;\">Pour ce faire, veuillez contacter notre responsable de la protection des donn\u00e9es. <\/p><p style=\"font-weight: 400;\"><strong>Droits et choix<\/strong><\/p><p style=\"font-weight: 400;\">Nous offrons quelques choix concernant l&#8217;utilisation de vos donn\u00e9es. Vous pouvez choisir de ne pas recevoir de communications promotionnelles de notre part en suivant les instructions de d\u00e9sabonnement figurant dans le message concern\u00e9. Souvent, vous pouvez \u00e9galement faire un choix en modifiant vos pr\u00e9f\u00e9rences pour certains services ou lorsque nous vous envoyons une notification juste \u00e0 temps ou en visitant les sites web correspondants.   <\/p><p style=\"font-weight: 400;\"><strong>Utilisation de Cookies<\/strong><\/p><p style=\"font-weight: 400;\">Pour notre pr\u00e9sentation internet, nous utilisons la technique des Cookies. Les Cookies sont de petits fichiers texte envoy\u00e9s \u00e0 votre navigateur par notre serveur internet dans le cadre de votre visite de nos pages internet; ces fichiers seront tenus \u00e0 disposition par votre ordinateur pour une consultation ult\u00e9rieure. <\/p><p style=\"font-weight: 400;\">Nous utilisons des Cookies sur notre site web afin d&#8217;optimiser l&#8217;ergonomie du site. Vous pouvez d\u00e9terminer vous-m\u00eame si les Cookies peuvent \u00eatre plac\u00e9s et consult\u00e9s \u00e0 l&#8217;aide des param\u00e8tres de votre navigateur. Dans votre navigateur, vous avez par exemple la possibilit\u00e9 de d\u00e9sactiver enti\u00e8rement l&#8217;enregistrement de Cookies, de le limiter \u00e0 certains sites internet ou de configurer votre navigateur de mani\u00e8re \u00e0 vous informer automatiquement d\u00e8s qu&#8217;un Cookie doit \u00eatre plac\u00e9 et vous demander votre autorisation.   <\/p><p style=\"font-weight: 400;\"><strong>Utilisation de Google Analytics<\/strong><\/p><p style=\"font-weight: 400;\">Ce site internet utilise Google Analytics, un service d&#8217;analyse web de Google Inc. (\u201eGoogle\u201c). Google Analytics utilise \u00e9galement des \u201eCookies\u201c, des fichiers textes enregistr\u00e9s sur votre ordinateur, et qui permettent de r\u00e9aliser une analyse de votre utilisation du site internet. En r\u00e8gle g\u00e9n\u00e9rale, les informations relatives \u00e0 l&#8217;utilisation de ce site internet g\u00e9n\u00e9r\u00e9es par le Cookie sont transmises \u00e0 un serveur de Google aux USA pour y \u00eatre sauvegard\u00e9es.   <\/p><p style=\"font-weight: 400;\">Sur notre ordre, Google utilisera ces informations pour analyser votre utilisation du site internet, pour composer des rapports sur les activit\u00e9s des sites publicitaires et pour fournir d&#8217;autres prestations li\u00e9es \u00e0 l&#8217;utilisation du site internet et d&#8217;internet en g\u00e9n\u00e9ral \u00e0 l&#8217;exploitant du site internet. L&#8217;adresse IP transmise par votre navigateur dans le cadre de Google Analytics ne sera pas crois\u00e9e avec d&#8217;autres donn\u00e9es de Google. <\/p><p style=\"font-weight: 400;\">De plus, vous pouvez emp\u00eacher la collecte des donn\u00e9es g\u00e9n\u00e9r\u00e9es par le Cookie relatives \u00e0 votre utilisation du site internet (y compris votre adresse IP) chez Google, ainsi que le traitement des ces donn\u00e9es par Google, en t\u00e9l\u00e9chargeant et installant le Plugin navigateur disponible au lien suivant <a href=\"http:\/\/tools.google.com\/dlpage\/gaoptout?hl=de\">(http:\/\/tools.google.com\/dlpage\/gaoptout?hl=fr).<\/a><\/p><p style=\"font-weight: 400;\">Vous trouverez des informations plus d\u00e9taill\u00e9es quant aux conditions d&#8217;utilisation et \u00e0 la protection des donn\u00e9es sur:<\/p><p style=\"font-weight: 400;\"><a href=\"http:\/\/www.google.com\/analytics\/terms\/de.html\">http:\/\/www.google.com\/analytics\/terms\/de.html<\/a> ou bien sur<\/p><p style=\"font-weight: 400;\"><a href=\"http:\/\/www.google.com\/intl\/de\/analytics\/privacyoverview.html\">http:\/\/policies.google.com\/technologies\/partner-sites<\/a><\/p><p style=\"font-weight: 400;\"><strong>Contact<\/strong><\/p><p style=\"font-weight: 400;\">Klipfel Hefe SA<br>Im Kunzental 6<br>CH-4310 Rheinfelden<\/p><p style=\"font-weight: 400;\"><a href=\"tel:+41618368888\">T\u00e9l\u00e9phone +41 61 836 88 88<\/a><br>info.klipfel.ch[at]lesaffre.com<\/p>\t\t\t\t\t\t\t\t<\/div>\n\t\t\t\t<\/div>\n\t\t\t\t\t<\/div>\n\t\t\t\t<\/div>\n\t\t\t\t<\/div>\n\t\t","protected":false},"excerpt":{"rendered":"<p>Politique de confidentialit\u00e9 politique de confidentialit\u00e9 Nous nous engageons \u00e0 prot\u00e9ger la vie priv\u00e9e de toutes les personnes utilisant notre site internet ainsi qu&#8217;\u00e0 traiter de fa\u00e7on confidentielle les donn\u00e9es personnelles que nous fournissent nos utilisateurs. Donn\u00e9es personnelles Nous collectons les donn\u00e9es que vous mettez volontairement \u00e0 notre disposition, comme par exemple votre nom, votre [&hellip;]<\/p>\n","protected":false},"author":17,"featured_media":0,"parent":0,"menu_order":97,"comment_status":"closed","ping_status":"closed","template":"","meta":{"_acf_changed":false,"footnotes":""},"class_list":["post-10139","page","type-page","status-publish","hentry"],"acf":[],"yoast_head":"<!-- This site is optimized with the Yoast SEO plugin v27.5 - https:\/\/yoast.com\/product\/yoast-seo-wordpress\/ -->\n<title>KLIPFEL Hefe AG - Protection des donn\u00e9es<\/title>\n<meta name=\"robots\" content=\"noindex, nofollow\" \/>\n<meta property=\"og:locale\" content=\"fr_FR\" \/>\n<meta property=\"og:type\" content=\"article\" \/>\n<meta property=\"og:title\" content=\"KLIPFEL Hefe AG - Protection des donn\u00e9es\" \/>\n<meta property=\"og:description\" content=\"Politique de confidentialit\u00e9 politique de confidentialit\u00e9 Nous nous engageons \u00e0 prot\u00e9ger la vie priv\u00e9e de toutes les personnes utilisant notre site internet ainsi qu&#8217;\u00e0 traiter de fa\u00e7on confidentielle les donn\u00e9es personnelles que nous fournissent nos utilisateurs. Donn\u00e9es personnelles Nous collectons les donn\u00e9es que vous mettez volontairement \u00e0 notre disposition, comme par exemple votre nom, votre [&hellip;]\" \/>\n<meta property=\"og:url\" content=\"https:\/\/klipfel.ch\/fr\/protection-des-donnees\/\" \/>\n<meta property=\"og:site_name\" content=\"KLIPFEL Hefe AG\" \/>\n<meta property=\"article:modified_time\" content=\"2026-03-10T12:14:05+00:00\" \/>\n<meta property=\"og:image\" content=\"https:\/\/klipfel.ch\/wp-content\/uploads\/2024\/03\/Lesaffre_logo_XL.jpg\" \/>\n\t<meta property=\"og:image:width\" content=\"1501\" \/>\n\t<meta property=\"og:image:height\" content=\"785\" \/>\n\t<meta property=\"og:image:type\" content=\"image\/jpeg\" \/>\n<meta name=\"twitter:card\" content=\"summary_large_image\" \/>\n<meta name=\"twitter:label1\" content=\"Est. reading time\" \/>\n\t<meta name=\"twitter:data1\" content=\"3 minutes\" \/>\n<script type=\"application\/ld+json\" class=\"yoast-schema-graph\">{\"@context\":\"https:\\\/\\\/schema.org\",\"@graph\":[{\"@type\":\"WebPage\",\"@id\":\"https:\\\/\\\/klipfel.ch\\\/fr\\\/protection-des-donnees\\\/\",\"url\":\"https:\\\/\\\/klipfel.ch\\\/fr\\\/protection-des-donnees\\\/\",\"name\":\"KLIPFEL Hefe AG - Protection des donn\u00e9es\",\"isPartOf\":{\"@id\":\"https:\\\/\\\/klipfel.ch\\\/fr\\\/#website\"},\"datePublished\":\"2024-03-21T22:23:22+00:00\",\"dateModified\":\"2026-03-10T12:14:05+00:00\",\"breadcrumb\":{\"@id\":\"https:\\\/\\\/klipfel.ch\\\/fr\\\/protection-des-donnees\\\/#breadcrumb\"},\"inLanguage\":\"fr-CH\",\"potentialAction\":[{\"@type\":\"ReadAction\",\"target\":[\"https:\\\/\\\/klipfel.ch\\\/fr\\\/protection-des-donnees\\\/\"]}]},{\"@type\":\"BreadcrumbList\",\"@id\":\"https:\\\/\\\/klipfel.ch\\\/fr\\\/protection-des-donnees\\\/#breadcrumb\",\"itemListElement\":[{\"@type\":\"ListItem\",\"position\":1,\"name\":\"Startseite\",\"item\":\"https:\\\/\\\/klipfel.ch\\\/fr\\\/klipfel-ch-votre-centre-de-competences-pour-les-produits-de-fermentation-dans-le-secteur-de-la-boulangerie\\\/\"},{\"@type\":\"ListItem\",\"position\":2,\"name\":\"Protection des donn\u00e9es\"}]},{\"@type\":\"WebSite\",\"@id\":\"https:\\\/\\\/klipfel.ch\\\/fr\\\/#website\",\"url\":\"https:\\\/\\\/klipfel.ch\\\/fr\\\/\",\"name\":\"LESAFFRE Austria\",\"description\":\"Ihr Kompetenzzentrum f\u00fcr Fermentationsprodukte der Backbranche\",\"publisher\":{\"@id\":\"https:\\\/\\\/klipfel.ch\\\/fr\\\/#organization\"},\"potentialAction\":[{\"@type\":\"SearchAction\",\"target\":{\"@type\":\"EntryPoint\",\"urlTemplate\":\"https:\\\/\\\/klipfel.ch\\\/fr\\\/?s={search_term_string}\"},\"query-input\":{\"@type\":\"PropertyValueSpecification\",\"valueRequired\":true,\"valueName\":\"search_term_string\"}}],\"inLanguage\":\"fr-CH\"},{\"@type\":\"Organization\",\"@id\":\"https:\\\/\\\/klipfel.ch\\\/fr\\\/#organization\",\"name\":\"LESAFFRE Austria\",\"url\":\"https:\\\/\\\/klipfel.ch\\\/fr\\\/\",\"logo\":{\"@type\":\"ImageObject\",\"inLanguage\":\"fr-CH\",\"@id\":\"https:\\\/\\\/klipfel.ch\\\/fr\\\/#\\\/schema\\\/logo\\\/image\\\/\",\"url\":\"https:\\\/\\\/klipfel.ch\\\/wp-content\\\/uploads\\\/2024\\\/03\\\/logo0.png\",\"contentUrl\":\"https:\\\/\\\/klipfel.ch\\\/wp-content\\\/uploads\\\/2024\\\/03\\\/logo0.png\",\"width\":215,\"height\":166,\"caption\":\"LESAFFRE Austria\"},\"image\":{\"@id\":\"https:\\\/\\\/klipfel.ch\\\/fr\\\/#\\\/schema\\\/logo\\\/image\\\/\"}}]}<\/script>\n<!-- \/ Yoast SEO plugin. -->","yoast_head_json":{"title":"KLIPFEL Hefe AG - Protection des donn\u00e9es","robots":{"index":"noindex","follow":"nofollow"},"og_locale":"fr_FR","og_type":"article","og_title":"KLIPFEL Hefe AG - Protection des donn\u00e9es","og_description":"Politique de confidentialit\u00e9 politique de confidentialit\u00e9 Nous nous engageons \u00e0 prot\u00e9ger la vie priv\u00e9e de toutes les personnes utilisant notre site internet ainsi qu&#8217;\u00e0 traiter de fa\u00e7on confidentielle les donn\u00e9es personnelles que nous fournissent nos utilisateurs. Donn\u00e9es personnelles Nous collectons les donn\u00e9es que vous mettez volontairement \u00e0 notre disposition, comme par exemple votre nom, votre [&hellip;]","og_url":"https:\/\/klipfel.ch\/fr\/protection-des-donnees\/","og_site_name":"KLIPFEL Hefe AG","article_modified_time":"2026-03-10T12:14:05+00:00","og_image":[{"width":1501,"height":785,"url":"https:\/\/klipfel.ch\/wp-content\/uploads\/2024\/03\/Lesaffre_logo_XL.jpg","type":"image\/jpeg"}],"twitter_card":"summary_large_image","twitter_misc":{"Est. reading time":"3 minutes"},"schema":{"@context":"https:\/\/schema.org","@graph":[{"@type":"WebPage","@id":"https:\/\/klipfel.ch\/fr\/protection-des-donnees\/","url":"https:\/\/klipfel.ch\/fr\/protection-des-donnees\/","name":"KLIPFEL Hefe AG - Protection des donn\u00e9es","isPartOf":{"@id":"https:\/\/klipfel.ch\/fr\/#website"},"datePublished":"2024-03-21T22:23:22+00:00","dateModified":"2026-03-10T12:14:05+00:00","breadcrumb":{"@id":"https:\/\/klipfel.ch\/fr\/protection-des-donnees\/#breadcrumb"},"inLanguage":"fr-CH","potentialAction":[{"@type":"ReadAction","target":["https:\/\/klipfel.ch\/fr\/protection-des-donnees\/"]}]},{"@type":"BreadcrumbList","@id":"https:\/\/klipfel.ch\/fr\/protection-des-donnees\/#breadcrumb","itemListElement":[{"@type":"ListItem","position":1,"name":"Startseite","item":"https:\/\/klipfel.ch\/fr\/klipfel-ch-votre-centre-de-competences-pour-les-produits-de-fermentation-dans-le-secteur-de-la-boulangerie\/"},{"@type":"ListItem","position":2,"name":"Protection des donn\u00e9es"}]},{"@type":"WebSite","@id":"https:\/\/klipfel.ch\/fr\/#website","url":"https:\/\/klipfel.ch\/fr\/","name":"LESAFFRE Austria","description":"Ihr Kompetenzzentrum f\u00fcr Fermentationsprodukte der Backbranche","publisher":{"@id":"https:\/\/klipfel.ch\/fr\/#organization"},"potentialAction":[{"@type":"SearchAction","target":{"@type":"EntryPoint","urlTemplate":"https:\/\/klipfel.ch\/fr\/?s={search_term_string}"},"query-input":{"@type":"PropertyValueSpecification","valueRequired":true,"valueName":"search_term_string"}}],"inLanguage":"fr-CH"},{"@type":"Organization","@id":"https:\/\/klipfel.ch\/fr\/#organization","name":"LESAFFRE Austria","url":"https:\/\/klipfel.ch\/fr\/","logo":{"@type":"ImageObject","inLanguage":"fr-CH","@id":"https:\/\/klipfel.ch\/fr\/#\/schema\/logo\/image\/","url":"https:\/\/klipfel.ch\/wp-content\/uploads\/2024\/03\/logo0.png","contentUrl":"https:\/\/klipfel.ch\/wp-content\/uploads\/2024\/03\/logo0.png","width":215,"height":166,"caption":"LESAFFRE Austria"},"image":{"@id":"https:\/\/klipfel.ch\/fr\/#\/schema\/logo\/image\/"}}]}},"_links":{"self":[{"href":"https:\/\/klipfel.ch\/fr\/wp-json\/wp\/v2\/pages\/10139","targetHints":{"allow":["GET"]}}],"collection":[{"href":"https:\/\/klipfel.ch\/fr\/wp-json\/wp\/v2\/pages"}],"about":[{"href":"https:\/\/klipfel.ch\/fr\/wp-json\/wp\/v2\/types\/page"}],"author":[{"embeddable":true,"href":"https:\/\/klipfel.ch\/fr\/wp-json\/wp\/v2\/users\/17"}],"replies":[{"embeddable":true,"href":"https:\/\/klipfel.ch\/fr\/wp-json\/wp\/v2\/comments?post=10139"}],"version-history":[{"count":0,"href":"https:\/\/klipfel.ch\/fr\/wp-json\/wp\/v2\/pages\/10139\/revisions"}],"wp:attachment":[{"href":"https:\/\/klipfel.ch\/fr\/wp-json\/wp\/v2\/media?parent=10139"}],"curies":[{"name":"wp","href":"https:\/\/api.w.org\/{rel}","templated":true}]}}