{"id":10137,"date":"2024-03-21T22:44:49","date_gmt":"2024-03-21T21:44:49","guid":{"rendered":"https:\/\/klipfel.ch\/impressum\/"},"modified":"2026-03-10T13:06:05","modified_gmt":"2026-03-10T12:06:05","slug":"impressum","status":"publish","type":"page","link":"https:\/\/klipfel.ch\/fr\/impressum\/","title":{"rendered":"Impressum"},"content":{"rendered":"\t\t<div data-elementor-type=\"wp-page\" data-elementor-id=\"10137\" class=\"elementor elementor-10137 elementor-362\" data-elementor-post-type=\"page\">\n\t\t\t\t<div class=\"elementor-element elementor-element-7fa751d e-flex e-con-boxed e-con e-parent\" data-id=\"7fa751d\" data-element_type=\"container\" data-e-type=\"container\">\n\t\t\t\t\t<div class=\"e-con-inner\">\n\t\t\t\t<div class=\"elementor-element elementor-element-e051e48 elementor-widget elementor-widget-heading\" data-id=\"e051e48\" data-element_type=\"widget\" data-e-type=\"widget\" data-widget_type=\"heading.default\">\n\t\t\t\t<div class=\"elementor-widget-container\">\n\t\t\t\t\t<h1 class=\"elementor-heading-title elementor-size-default\">Impressum<\/h1>\t\t\t\t<\/div>\n\t\t\t\t<\/div>\n\t\t\t\t\t<\/div>\n\t\t\t\t<\/div>\n\t\t<div class=\"elementor-element elementor-element-9be2246 e-flex e-con-boxed e-con e-parent\" data-id=\"9be2246\" data-element_type=\"container\" data-e-type=\"container\">\n\t\t\t\t\t<div class=\"e-con-inner\">\n\t\t\t\t<div class=\"elementor-element elementor-element-c82c783 elementor-widget elementor-widget-text-editor\" data-id=\"c82c783\" data-element_type=\"widget\" data-e-type=\"widget\" data-widget_type=\"text-editor.default\">\n\t\t\t\t<div class=\"elementor-widget-container\">\n\t\t\t\t\t\t\t\t\t<p style=\"font-weight: 400;\"><strong>\u00c9diteur<\/strong><\/p><p style=\"font-weight: 400;\">Klipfel Hefe SA<br>Im Kunzental 6<br>CH-4310 Rheinfelden<\/p><p style=\"font-weight: 400;\"><a href=\"tel:+41618368888\">T\u00e9l\u00e9phone +41 61 836 88 88<\/a><br>info.klipfel.ch[at]lesaffre.com<\/p><p style=\"font-weight: 400;\">Graphisme, r\u00e9alisation<br>Sauf indication contraire, les droits sur toutes les images utilis\u00e9es sur ce site web appartiennent \u00e0 l&#8217;exploitant du site web.<\/p><p style=\"font-weight: 400;\"><strong>Programmation du site web:<br><\/strong>OVM Communication<br>1bis rue Georges Muylaert<br>FR-59130 LAMBERSART<br><a href=\"https:\/\/ovm-communication.fr\/\">www.ovm-communication.fr<\/a><\/p><p> <\/p>\t\t\t\t\t\t\t\t<\/div>\n\t\t\t\t<\/div>\n\t\t\t\t\t<\/div>\n\t\t\t\t<\/div>\n\t\t\t\t<\/div>\n\t\t","protected":false},"excerpt":{"rendered":"<p>Impressum \u00c9diteur Klipfel Hefe SAIm Kunzental 6CH-4310 Rheinfelden T\u00e9l\u00e9phone +41 61 836 88 88info.klipfel.ch[at]lesaffre.com Graphisme, r\u00e9alisationSauf indication contraire, les droits sur toutes les images utilis\u00e9es sur ce site web appartiennent \u00e0 l&#8217;exploitant du site web. Programmation du site web:OVM Communication1bis rue Georges MuylaertFR-59130 LAMBERSARTwww.ovm-communication.fr<\/p>\n","protected":false},"author":17,"featured_media":0,"parent":0,"menu_order":96,"comment_status":"closed","ping_status":"closed","template":"","meta":{"_acf_changed":false,"footnotes":""},"class_list":["post-10137","page","type-page","status-publish","hentry"],"acf":[],"yoast_head":"<!-- This site is optimized with the Yoast SEO plugin v27.5 - https:\/\/yoast.com\/product\/yoast-seo-wordpress\/ -->\n<title>KLIPFEL Hefe AG - Impressum<\/title>\n<meta name=\"robots\" content=\"noindex, nofollow\" \/>\n<meta property=\"og:locale\" content=\"fr_FR\" \/>\n<meta property=\"og:type\" content=\"article\" \/>\n<meta property=\"og:title\" content=\"KLIPFEL Hefe AG - Impressum\" \/>\n<meta property=\"og:description\" content=\"Impressum \u00c9diteur Klipfel Hefe SAIm Kunzental 6CH-4310 Rheinfelden T\u00e9l\u00e9phone +41 61 836 88 88info.klipfel.ch[at]lesaffre.com Graphisme, r\u00e9alisationSauf indication contraire, les droits sur toutes les images utilis\u00e9es sur ce site web appartiennent \u00e0 l&#8217;exploitant du site web. Programmation du site web:OVM Communication1bis rue Georges MuylaertFR-59130 LAMBERSARTwww.ovm-communication.fr\" \/>\n<meta property=\"og:url\" content=\"https:\/\/klipfel.ch\/fr\/impressum\/\" \/>\n<meta property=\"og:site_name\" content=\"KLIPFEL Hefe AG\" \/>\n<meta property=\"article:modified_time\" content=\"2026-03-10T12:06:05+00:00\" \/>\n<meta property=\"og:image\" content=\"https:\/\/klipfel.ch\/wp-content\/uploads\/2024\/03\/Lesaffre_logo_XL.jpg\" \/>\n\t<meta property=\"og:image:width\" content=\"1501\" \/>\n\t<meta property=\"og:image:height\" content=\"785\" \/>\n\t<meta property=\"og:image:type\" content=\"image\/jpeg\" \/>\n<meta name=\"twitter:card\" content=\"summary_large_image\" \/>\n<script type=\"application\/ld+json\" class=\"yoast-schema-graph\">{\"@context\":\"https:\\\/\\\/schema.org\",\"@graph\":[{\"@type\":\"WebPage\",\"@id\":\"https:\\\/\\\/klipfel.ch\\\/fr\\\/impressum\\\/\",\"url\":\"https:\\\/\\\/klipfel.ch\\\/fr\\\/impressum\\\/\",\"name\":\"KLIPFEL Hefe AG - Impressum\",\"isPartOf\":{\"@id\":\"https:\\\/\\\/klipfel.ch\\\/fr\\\/#website\"},\"datePublished\":\"2024-03-21T21:44:49+00:00\",\"dateModified\":\"2026-03-10T12:06:05+00:00\",\"breadcrumb\":{\"@id\":\"https:\\\/\\\/klipfel.ch\\\/fr\\\/impressum\\\/#breadcrumb\"},\"inLanguage\":\"fr-CH\",\"potentialAction\":[{\"@type\":\"ReadAction\",\"target\":[\"https:\\\/\\\/klipfel.ch\\\/fr\\\/impressum\\\/\"]}]},{\"@type\":\"BreadcrumbList\",\"@id\":\"https:\\\/\\\/klipfel.ch\\\/fr\\\/impressum\\\/#breadcrumb\",\"itemListElement\":[{\"@type\":\"ListItem\",\"position\":1,\"name\":\"Startseite\",\"item\":\"https:\\\/\\\/klipfel.ch\\\/fr\\\/klipfel-ch-votre-centre-de-competences-pour-les-produits-de-fermentation-dans-le-secteur-de-la-boulangerie\\\/\"},{\"@type\":\"ListItem\",\"position\":2,\"name\":\"Impressum\"}]},{\"@type\":\"WebSite\",\"@id\":\"https:\\\/\\\/klipfel.ch\\\/fr\\\/#website\",\"url\":\"https:\\\/\\\/klipfel.ch\\\/fr\\\/\",\"name\":\"LESAFFRE Austria\",\"description\":\"Ihr Kompetenzzentrum f\u00fcr Fermentationsprodukte der Backbranche\",\"publisher\":{\"@id\":\"https:\\\/\\\/klipfel.ch\\\/fr\\\/#organization\"},\"potentialAction\":[{\"@type\":\"SearchAction\",\"target\":{\"@type\":\"EntryPoint\",\"urlTemplate\":\"https:\\\/\\\/klipfel.ch\\\/fr\\\/?s={search_term_string}\"},\"query-input\":{\"@type\":\"PropertyValueSpecification\",\"valueRequired\":true,\"valueName\":\"search_term_string\"}}],\"inLanguage\":\"fr-CH\"},{\"@type\":\"Organization\",\"@id\":\"https:\\\/\\\/klipfel.ch\\\/fr\\\/#organization\",\"name\":\"LESAFFRE Austria\",\"url\":\"https:\\\/\\\/klipfel.ch\\\/fr\\\/\",\"logo\":{\"@type\":\"ImageObject\",\"inLanguage\":\"fr-CH\",\"@id\":\"https:\\\/\\\/klipfel.ch\\\/fr\\\/#\\\/schema\\\/logo\\\/image\\\/\",\"url\":\"https:\\\/\\\/klipfel.ch\\\/wp-content\\\/uploads\\\/2024\\\/03\\\/logo0.png\",\"contentUrl\":\"https:\\\/\\\/klipfel.ch\\\/wp-content\\\/uploads\\\/2024\\\/03\\\/logo0.png\",\"width\":215,\"height\":166,\"caption\":\"LESAFFRE Austria\"},\"image\":{\"@id\":\"https:\\\/\\\/klipfel.ch\\\/fr\\\/#\\\/schema\\\/logo\\\/image\\\/\"}}]}<\/script>\n<!-- \/ Yoast SEO plugin. -->","yoast_head_json":{"title":"KLIPFEL Hefe AG - Impressum","robots":{"index":"noindex","follow":"nofollow"},"og_locale":"fr_FR","og_type":"article","og_title":"KLIPFEL Hefe AG - Impressum","og_description":"Impressum \u00c9diteur Klipfel Hefe SAIm Kunzental 6CH-4310 Rheinfelden T\u00e9l\u00e9phone +41 61 836 88 88info.klipfel.ch[at]lesaffre.com Graphisme, r\u00e9alisationSauf indication contraire, les droits sur toutes les images utilis\u00e9es sur ce site web appartiennent \u00e0 l&#8217;exploitant du site web. Programmation du site web:OVM Communication1bis rue Georges MuylaertFR-59130 LAMBERSARTwww.ovm-communication.fr","og_url":"https:\/\/klipfel.ch\/fr\/impressum\/","og_site_name":"KLIPFEL Hefe AG","article_modified_time":"2026-03-10T12:06:05+00:00","og_image":[{"width":1501,"height":785,"url":"https:\/\/klipfel.ch\/wp-content\/uploads\/2024\/03\/Lesaffre_logo_XL.jpg","type":"image\/jpeg"}],"twitter_card":"summary_large_image","schema":{"@context":"https:\/\/schema.org","@graph":[{"@type":"WebPage","@id":"https:\/\/klipfel.ch\/fr\/impressum\/","url":"https:\/\/klipfel.ch\/fr\/impressum\/","name":"KLIPFEL Hefe AG - Impressum","isPartOf":{"@id":"https:\/\/klipfel.ch\/fr\/#website"},"datePublished":"2024-03-21T21:44:49+00:00","dateModified":"2026-03-10T12:06:05+00:00","breadcrumb":{"@id":"https:\/\/klipfel.ch\/fr\/impressum\/#breadcrumb"},"inLanguage":"fr-CH","potentialAction":[{"@type":"ReadAction","target":["https:\/\/klipfel.ch\/fr\/impressum\/"]}]},{"@type":"BreadcrumbList","@id":"https:\/\/klipfel.ch\/fr\/impressum\/#breadcrumb","itemListElement":[{"@type":"ListItem","position":1,"name":"Startseite","item":"https:\/\/klipfel.ch\/fr\/klipfel-ch-votre-centre-de-competences-pour-les-produits-de-fermentation-dans-le-secteur-de-la-boulangerie\/"},{"@type":"ListItem","position":2,"name":"Impressum"}]},{"@type":"WebSite","@id":"https:\/\/klipfel.ch\/fr\/#website","url":"https:\/\/klipfel.ch\/fr\/","name":"LESAFFRE Austria","description":"Ihr Kompetenzzentrum f\u00fcr Fermentationsprodukte der Backbranche","publisher":{"@id":"https:\/\/klipfel.ch\/fr\/#organization"},"potentialAction":[{"@type":"SearchAction","target":{"@type":"EntryPoint","urlTemplate":"https:\/\/klipfel.ch\/fr\/?s={search_term_string}"},"query-input":{"@type":"PropertyValueSpecification","valueRequired":true,"valueName":"search_term_string"}}],"inLanguage":"fr-CH"},{"@type":"Organization","@id":"https:\/\/klipfel.ch\/fr\/#organization","name":"LESAFFRE Austria","url":"https:\/\/klipfel.ch\/fr\/","logo":{"@type":"ImageObject","inLanguage":"fr-CH","@id":"https:\/\/klipfel.ch\/fr\/#\/schema\/logo\/image\/","url":"https:\/\/klipfel.ch\/wp-content\/uploads\/2024\/03\/logo0.png","contentUrl":"https:\/\/klipfel.ch\/wp-content\/uploads\/2024\/03\/logo0.png","width":215,"height":166,"caption":"LESAFFRE Austria"},"image":{"@id":"https:\/\/klipfel.ch\/fr\/#\/schema\/logo\/image\/"}}]}},"_links":{"self":[{"href":"https:\/\/klipfel.ch\/fr\/wp-json\/wp\/v2\/pages\/10137","targetHints":{"allow":["GET"]}}],"collection":[{"href":"https:\/\/klipfel.ch\/fr\/wp-json\/wp\/v2\/pages"}],"about":[{"href":"https:\/\/klipfel.ch\/fr\/wp-json\/wp\/v2\/types\/page"}],"author":[{"embeddable":true,"href":"https:\/\/klipfel.ch\/fr\/wp-json\/wp\/v2\/users\/17"}],"replies":[{"embeddable":true,"href":"https:\/\/klipfel.ch\/fr\/wp-json\/wp\/v2\/comments?post=10137"}],"version-history":[{"count":0,"href":"https:\/\/klipfel.ch\/fr\/wp-json\/wp\/v2\/pages\/10137\/revisions"}],"wp:attachment":[{"href":"https:\/\/klipfel.ch\/fr\/wp-json\/wp\/v2\/media?parent=10137"}],"curies":[{"name":"wp","href":"https:\/\/api.w.org\/{rel}","templated":true}]}}