{"id":10106,"date":"2026-02-04T09:24:14","date_gmt":"2026-02-04T08:24:14","guid":{"rendered":"https:\/\/klipfel.ch\/klipfel-hefe-sa\/production-vente-logistique\/"},"modified":"2026-03-10T10:26:00","modified_gmt":"2026-03-10T09:26:00","slug":"production-vente-logistique","status":"publish","type":"page","link":"https:\/\/klipfel.ch\/fr\/klipfel-hefe-sa\/production-vente-logistique\/","title":{"rendered":"Production, Vente, Logistique"},"content":{"rendered":"\t\t<div data-elementor-type=\"wp-page\" data-elementor-id=\"10106\" class=\"elementor elementor-10106 elementor-9240\" data-elementor-post-type=\"page\">\n\t\t\t\t<div class=\"elementor-element elementor-element-b5140a4 e-con-full e-flex e-con e-parent\" data-id=\"b5140a4\" data-element_type=\"container\" data-e-type=\"container\" data-settings=\"{&quot;background_background&quot;:&quot;classic&quot;}\">\n\t\t<div class=\"elementor-element elementor-element-10d7d27 e-con-full e-flex e-con e-child\" data-id=\"10d7d27\" data-element_type=\"container\" data-e-type=\"container\" data-settings=\"{&quot;background_background&quot;:&quot;classic&quot;}\">\n\t\t\t\t<div class=\"elementor-element elementor-element-21997d4 elementor-widget elementor-widget-heading\" data-id=\"21997d4\" data-element_type=\"widget\" data-e-type=\"widget\" data-widget_type=\"heading.default\">\n\t\t\t\t<div class=\"elementor-widget-container\">\n\t\t\t\t\t<h1 class=\"elementor-heading-title elementor-size-default\">Production, Vente, Logistique<\/h1>\t\t\t\t<\/div>\n\t\t\t\t<\/div>\n\t\t\t\t<\/div>\n\t\t\t\t<\/div>\n\t\t<div class=\"elementor-element elementor-element-75c4ac8 e-flex e-con-boxed e-con e-parent\" data-id=\"75c4ac8\" data-element_type=\"container\" data-e-type=\"container\">\n\t\t\t\t\t<div class=\"e-con-inner\">\n\t\t\t\t<div class=\"elementor-element elementor-element-cc958f5 elementor-widget elementor-widget-image\" data-id=\"cc958f5\" data-element_type=\"widget\" data-e-type=\"widget\" data-widget_type=\"image.default\">\n\t\t\t\t<div class=\"elementor-widget-container\">\n\t\t\t\t\t\t\t\t\t\t\t\t\t\t\t<img decoding=\"async\" width=\"5\" height=\"101\" src=\"https:\/\/klipfel.ch\/wp-content\/uploads\/2024\/10\/ligne.webp\" class=\"attachment-full size-full wp-image-9948\" alt=\"LESAFFRE - Vertikale Linie gro\u00df\" \/>\t\t\t\t\t\t\t\t\t\t\t\t\t\t\t<\/div>\n\t\t\t\t<\/div>\n\t\t\t\t\t<\/div>\n\t\t\t\t<\/div>\n\t\t<div class=\"elementor-element elementor-element-aeb1887 e-con-full e-flex e-con e-parent\" data-id=\"aeb1887\" data-element_type=\"container\" data-e-type=\"container\" data-settings=\"{&quot;background_background&quot;:&quot;classic&quot;}\">\n\t\t<div class=\"elementor-element elementor-element-40a2c35 e-con-full e-flex e-con e-child\" data-id=\"40a2c35\" data-element_type=\"container\" data-e-type=\"container\" data-settings=\"{&quot;background_background&quot;:&quot;classic&quot;}\">\n\t\t\t\t<div class=\"elementor-element elementor-element-150de31 elementor-widget elementor-widget-heading\" data-id=\"150de31\" data-element_type=\"widget\" data-e-type=\"widget\" data-settings=\"{&quot;motion_fx_motion_fx_scrolling&quot;:&quot;yes&quot;,&quot;motion_fx_blur_effect&quot;:&quot;yes&quot;,&quot;motion_fx_blur_range&quot;:{&quot;unit&quot;:&quot;%&quot;,&quot;size&quot;:&quot;&quot;,&quot;sizes&quot;:{&quot;start&quot;:0,&quot;end&quot;:20}},&quot;motion_fx_blur_direction&quot;:&quot;out-in&quot;,&quot;motion_fx_blur_level&quot;:{&quot;unit&quot;:&quot;px&quot;,&quot;size&quot;:7,&quot;sizes&quot;:[]},&quot;motion_fx_devices&quot;:[&quot;desktop&quot;,&quot;laptop&quot;,&quot;tablet_extra&quot;,&quot;tablet&quot;,&quot;mobile&quot;]}\" data-widget_type=\"heading.default\">\n\t\t\t\t<div class=\"elementor-widget-container\">\n\t\t\t\t\t<h2 class=\"elementor-heading-title elementor-size-default\">Production<\/h2>\t\t\t\t<\/div>\n\t\t\t\t<\/div>\n\t\t\t\t<\/div>\n\t\t<div class=\"elementor-element elementor-element-dc4eb26 e-con-full e-flex e-con e-child\" data-id=\"dc4eb26\" data-element_type=\"container\" data-e-type=\"container\" data-settings=\"{&quot;background_background&quot;:&quot;classic&quot;}\">\n\t\t<div class=\"elementor-element elementor-element-06ecbba e-con-full e-flex e-con e-child\" data-id=\"06ecbba\" data-element_type=\"container\" data-e-type=\"container\">\n\t\t\t\t<div class=\"elementor-element elementor-element-2ca65e7 elementor-widget elementor-widget-text-editor\" data-id=\"2ca65e7\" data-element_type=\"widget\" data-e-type=\"widget\" data-widget_type=\"text-editor.default\">\n\t\t\t\t<div class=\"elementor-widget-container\">\n\t\t\t\t\t\t\t\t\t<p style=\"font-weight: 400;\"><strong>La levure nous tient \u00e0 c\u0153ur<\/strong><\/p><p style=\"font-weight: 400;\">Klipfel Hefe SA dispose \u00e0 Rheinfelden de sa propre production de levure pour sa client\u00e8le suisse.<\/p><p style=\"font-weight: 400;\">La levure est un produit frais qui, en raison de sa \u00ab dur\u00e9e de vie \u00bb limit\u00e9e, impose des exigences \u00e9lev\u00e9es aux collaborateurs, de la production \u00e0 la distribution.<\/p><p style=\"font-weight: 400;\">En effet, lorsqu&#8217;on fabrique un produit facilement p\u00e9rissable, il va de soi qu&#8217;il faut travailler avec soin.<\/p><p style=\"font-weight: 400;\">Une hygi\u00e8ne irr\u00e9prochable \u00e0 toutes les \u00e9tapes de la fabrication est donc une n\u00e9cessit\u00e9 absolue ! Garantir une qualit\u00e9 \u00e9lev\u00e9e et constante \u00e0 nos clients commence par une s\u00e9lection et un traitement minutieux des mati\u00e8res premi\u00e8res, puis se poursuit tout au long de la livraison, <\/p><p style=\"font-weight: 400;\">Production et stockage jusqu&#8217;\u00e0 la livraison \u00e0 nos clients gr\u00e2ce \u00e0 notre propre service logistique.<\/p>\t\t\t\t\t\t\t\t<\/div>\n\t\t\t\t<\/div>\n\t\t\t\t<\/div>\n\t\t\t\t<\/div>\n\t\t\t\t<\/div>\n\t\t<div class=\"elementor-element elementor-element-13a0998 e-con-full e-flex e-con e-parent\" data-id=\"13a0998\" data-element_type=\"container\" data-e-type=\"container\">\n\t\t<div class=\"elementor-element elementor-element-9d7abd0 e-con-full e-flex e-con e-child\" data-id=\"9d7abd0\" data-element_type=\"container\" data-e-type=\"container\" data-settings=\"{&quot;background_background&quot;:&quot;classic&quot;}\">\n\t\t<div class=\"elementor-element elementor-element-8e0c1a0 e-con-full e-flex e-con e-child\" data-id=\"8e0c1a0\" data-element_type=\"container\" data-e-type=\"container\">\n\t\t\t\t<div class=\"elementor-element elementor-element-8889c50 elementor-widget elementor-widget-text-editor\" data-id=\"8889c50\" data-element_type=\"widget\" data-e-type=\"widget\" data-widget_type=\"text-editor.default\">\n\t\t\t\t<div class=\"elementor-widget-container\">\n\t\t\t\t\t\t\t\t\t<p style=\"font-weight: 400;\"><strong>Conseil sp\u00e9cialis\u00e9<\/strong><\/p><p style=\"font-weight: 400;\">Une levure de bonne qualit\u00e9 est essentielle pour avoir des clients satisfaits. Nous souhaitons continuer \u00e0 l&#8217;avenir de satisfaire ces attentes, en livrant tous les jours \u00e0 nos clients de la levure fra\u00eeche venant de notre usine de Rheinfelden. Mais aujourd&#8217;hui, cela ne suffit plus. Les besoins et les exigences du secteur dans son ensemble ont chang\u00e9. Nos clients, les boulangers, exigent une valeur ajout\u00e9e. Chez Klipfel Hefe SA, nous sommes d&#8217;ores et d\u00e9j\u00e0 tr\u00e8s bien \u00e9quip\u00e9s pour faire face \u00e0 cette t\u00e2che et \u00e0 ce d\u00e9fi.     <\/p><p style=\"font-weight: 400;\">Assistance dans tous les projets de d\u00e9veloppement, activit\u00e9s de conseil, possibilit\u00e9s techniques et aide correspondante: voil\u00e0 quelques-un des t\u00e2ches qui nous tiennent \u00e0 c\u0153ur.<\/p><p style=\"font-weight: 400;\"><strong>Kundendienst<\/strong><\/p><p style=\"font-weight: 400;\">Notre v\u0153u est d&#8217;avoir toujours une oreille attentive \u00e0 nos clients et de prendre au s\u00e9rieux leurs demandes. Ce sont en effet les valeurs de base pour des partenariats durables. De la premi\u00e8re demande d&#8217;un client \u00e0 la livraison, notre syst\u00e8me de contr\u00f4le syst\u00e9matique garantit une qualit\u00e9 \u00e9lev\u00e9e constante du service client.  <\/p><p style=\"font-weight: 400;\">Pour Klipfel Hefe AG, la r\u00e9ussite signifie utiliser les ressources en personnel et en technologies de fa\u00e7on \u00e0 garantir la satisfaction de tous les clients et \u00e0 nous adapter aux diff\u00e9rences et aux besoins sp\u00e9cifiques.<\/p>\t\t\t\t\t\t\t\t<\/div>\n\t\t\t\t<\/div>\n\t\t\t\t<\/div>\n\t\t\t\t<\/div>\n\t\t<div class=\"elementor-element elementor-element-dc53d7b e-con-full e-flex e-con e-child\" data-id=\"dc53d7b\" data-element_type=\"container\" data-e-type=\"container\" data-settings=\"{&quot;background_background&quot;:&quot;classic&quot;,&quot;motion_fx_devices&quot;:[&quot;desktop&quot;,&quot;tablet&quot;,&quot;mobile&quot;],&quot;motion_fx_motion_fx_scrolling&quot;:&quot;yes&quot;}\">\n\t\t\t\t<div class=\"elementor-element elementor-element-ea58f69 elementor-widget elementor-widget-heading\" data-id=\"ea58f69\" data-element_type=\"widget\" data-e-type=\"widget\" data-settings=\"{&quot;motion_fx_motion_fx_scrolling&quot;:&quot;yes&quot;,&quot;motion_fx_blur_effect&quot;:&quot;yes&quot;,&quot;motion_fx_blur_range&quot;:{&quot;unit&quot;:&quot;%&quot;,&quot;size&quot;:&quot;&quot;,&quot;sizes&quot;:{&quot;start&quot;:0,&quot;end&quot;:20}},&quot;motion_fx_blur_direction&quot;:&quot;out-in&quot;,&quot;motion_fx_blur_level&quot;:{&quot;unit&quot;:&quot;px&quot;,&quot;size&quot;:7,&quot;sizes&quot;:[]},&quot;motion_fx_devices&quot;:[&quot;desktop&quot;,&quot;laptop&quot;,&quot;tablet_extra&quot;,&quot;tablet&quot;,&quot;mobile&quot;]}\" data-widget_type=\"heading.default\">\n\t\t\t\t<div class=\"elementor-widget-container\">\n\t\t\t\t\t<h2 class=\"elementor-heading-title elementor-size-default\">Vente <\/h2>\t\t\t\t<\/div>\n\t\t\t\t<\/div>\n\t\t\t\t<\/div>\n\t\t\t\t<\/div>\n\t\t<div class=\"elementor-element elementor-element-50d729f e-con-full e-flex e-con e-parent\" data-id=\"50d729f\" data-element_type=\"container\" data-e-type=\"container\">\n\t\t<div class=\"elementor-element elementor-element-c2c2b0c e-con-full e-flex e-con e-child\" data-id=\"c2c2b0c\" data-element_type=\"container\" data-e-type=\"container\" data-settings=\"{&quot;background_background&quot;:&quot;classic&quot;,&quot;motion_fx_devices&quot;:[&quot;desktop&quot;,&quot;tablet&quot;,&quot;mobile&quot;],&quot;motion_fx_motion_fx_scrolling&quot;:&quot;yes&quot;}\">\n\t\t\t\t<div class=\"elementor-element elementor-element-b2d588b elementor-widget elementor-widget-heading\" data-id=\"b2d588b\" data-element_type=\"widget\" data-e-type=\"widget\" data-settings=\"{&quot;motion_fx_motion_fx_scrolling&quot;:&quot;yes&quot;,&quot;motion_fx_blur_effect&quot;:&quot;yes&quot;,&quot;motion_fx_blur_range&quot;:{&quot;unit&quot;:&quot;%&quot;,&quot;size&quot;:&quot;&quot;,&quot;sizes&quot;:{&quot;start&quot;:0,&quot;end&quot;:20}},&quot;motion_fx_blur_direction&quot;:&quot;out-in&quot;,&quot;motion_fx_blur_level&quot;:{&quot;unit&quot;:&quot;px&quot;,&quot;size&quot;:7,&quot;sizes&quot;:[]},&quot;motion_fx_devices&quot;:[&quot;desktop&quot;,&quot;laptop&quot;,&quot;tablet_extra&quot;,&quot;tablet&quot;,&quot;mobile&quot;]}\" data-widget_type=\"heading.default\">\n\t\t\t\t<div class=\"elementor-widget-container\">\n\t\t\t\t\t<h2 class=\"elementor-heading-title elementor-size-default\">Logistique<\/h2>\t\t\t\t<\/div>\n\t\t\t\t<\/div>\n\t\t\t\t<\/div>\n\t\t<div class=\"elementor-element elementor-element-8d942bc e-con-full e-flex e-con e-child\" data-id=\"8d942bc\" data-element_type=\"container\" data-e-type=\"container\" data-settings=\"{&quot;background_background&quot;:&quot;classic&quot;}\">\n\t\t<div class=\"elementor-element elementor-element-d355e1c e-con-full e-flex e-con e-child\" data-id=\"d355e1c\" data-element_type=\"container\" data-e-type=\"container\">\n\t\t\t\t<div class=\"elementor-element elementor-element-8dfca1f elementor-widget elementor-widget-text-editor\" data-id=\"8dfca1f\" data-element_type=\"widget\" data-e-type=\"widget\" data-widget_type=\"text-editor.default\">\n\t\t\t\t<div class=\"elementor-widget-container\">\n\t\t\t\t\t\t\t\t\t<p style=\"font-weight: 400;\"><strong>La relation client est une priorit\u00e9 absolue<\/strong><\/p><p style=\"font-weight: 400;\">Klipfel Hefe SA dispose, sur son site de production de Rheinfelden, de sa propre logistique frigorifique pour la livraison quotidienne des produits \u00e0 base de levure.<\/p><p style=\"font-weight: 400;\">Tr\u00e8s t\u00f4t le matin, les diff\u00e9rents v\u00e9hicules livrent leurs produits \u00e0 base de levure aux clients. Comme chacun sait, les ma\u00eetres boulangers commencent \u00e9galement leur travail tr\u00e8s t\u00f4t, et les chauffeurs de Klipfel ont donc encore l&#8217;occasion de les rencontrer en personne. <\/p><p style=\"font-weight: 400;\">La fiabilit\u00e9 et la rapidit\u00e9 sont les atouts majeurs de l&#8217;\u00e9quipe logistique et contribuent de mani\u00e8re significative au succ\u00e8s de l&#8217;entreprise. Lors des discussions avec l&#8217;\u00e9quipe logistique, on remarque tr\u00e8s vite qu&#8217;elle est fi\u00e8re de son concept logistique durable et sophistiqu\u00e9. <\/p>\t\t\t\t\t\t\t\t<\/div>\n\t\t\t\t<\/div>\n\t\t\t\t<\/div>\n\t\t\t\t<\/div>\n\t\t\t\t<\/div>\n\t\t\t\t<\/div>\n\t\t","protected":false},"excerpt":{"rendered":"<p>Production, Vente, Logistique Production La levure nous tient \u00e0 c\u0153ur Klipfel Hefe SA dispose \u00e0 Rheinfelden de sa propre production de levure pour sa client\u00e8le suisse. La levure est un produit frais qui, en raison de sa \u00ab dur\u00e9e de vie \u00bb limit\u00e9e, impose des exigences \u00e9lev\u00e9es aux collaborateurs, de la production \u00e0 la distribution. [&hellip;]<\/p>\n","protected":false},"author":17,"featured_media":0,"parent":10047,"menu_order":70,"comment_status":"closed","ping_status":"closed","template":"","meta":{"_acf_changed":false,"footnotes":""},"class_list":["post-10106","page","type-page","status-publish","hentry"],"acf":[],"yoast_head":"<!-- This site is optimized with the Yoast SEO plugin v27.5 - https:\/\/yoast.com\/product\/yoast-seo-wordpress\/ -->\n<title>KLIPFEL Hefe AG - Production, Vente, Logistique<\/title>\n<meta name=\"robots\" content=\"noindex, nofollow\" \/>\n<meta property=\"og:locale\" content=\"fr_FR\" \/>\n<meta property=\"og:type\" content=\"article\" \/>\n<meta property=\"og:title\" content=\"KLIPFEL Hefe AG - Production, Vente, Logistique\" \/>\n<meta property=\"og:description\" content=\"Production, Vente, Logistique Production La levure nous tient \u00e0 c\u0153ur Klipfel Hefe SA dispose \u00e0 Rheinfelden de sa propre production de levure pour sa client\u00e8le suisse. La levure est un produit frais qui, en raison de sa \u00ab dur\u00e9e de vie \u00bb limit\u00e9e, impose des exigences \u00e9lev\u00e9es aux collaborateurs, de la production \u00e0 la distribution. [&hellip;]\" \/>\n<meta property=\"og:url\" content=\"https:\/\/klipfel.ch\/fr\/klipfel-hefe-sa\/production-vente-logistique\/\" \/>\n<meta property=\"og:site_name\" content=\"KLIPFEL Hefe AG\" \/>\n<meta property=\"article:modified_time\" content=\"2026-03-10T09:26:00+00:00\" \/>\n<meta property=\"og:image\" content=\"https:\/\/klipfel.ch\/wp-content\/uploads\/2024\/10\/ligne.webp\" \/>\n\t<meta property=\"og:image:width\" content=\"5\" \/>\n\t<meta property=\"og:image:height\" content=\"101\" \/>\n\t<meta property=\"og:image:type\" content=\"image\/webp\" \/>\n<meta name=\"twitter:card\" content=\"summary_large_image\" \/>\n<meta name=\"twitter:label1\" content=\"Est. reading time\" \/>\n\t<meta name=\"twitter:data1\" content=\"2 minutes\" \/>\n<script type=\"application\/ld+json\" class=\"yoast-schema-graph\">{\"@context\":\"https:\\\/\\\/schema.org\",\"@graph\":[{\"@type\":\"WebPage\",\"@id\":\"https:\\\/\\\/klipfel.ch\\\/fr\\\/klipfel-hefe-sa\\\/production-vente-logistique\\\/\",\"url\":\"https:\\\/\\\/klipfel.ch\\\/fr\\\/klipfel-hefe-sa\\\/production-vente-logistique\\\/\",\"name\":\"KLIPFEL Hefe AG - Production, Vente, Logistique\",\"isPartOf\":{\"@id\":\"https:\\\/\\\/klipfel.ch\\\/fr\\\/#website\"},\"primaryImageOfPage\":{\"@id\":\"https:\\\/\\\/klipfel.ch\\\/fr\\\/klipfel-hefe-sa\\\/production-vente-logistique\\\/#primaryimage\"},\"image\":{\"@id\":\"https:\\\/\\\/klipfel.ch\\\/fr\\\/klipfel-hefe-sa\\\/production-vente-logistique\\\/#primaryimage\"},\"thumbnailUrl\":\"https:\\\/\\\/klipfel.ch\\\/wp-content\\\/uploads\\\/2024\\\/10\\\/ligne.webp\",\"datePublished\":\"2026-02-04T08:24:14+00:00\",\"dateModified\":\"2026-03-10T09:26:00+00:00\",\"breadcrumb\":{\"@id\":\"https:\\\/\\\/klipfel.ch\\\/fr\\\/klipfel-hefe-sa\\\/production-vente-logistique\\\/#breadcrumb\"},\"inLanguage\":\"fr-CH\",\"potentialAction\":[{\"@type\":\"ReadAction\",\"target\":[\"https:\\\/\\\/klipfel.ch\\\/fr\\\/klipfel-hefe-sa\\\/production-vente-logistique\\\/\"]}]},{\"@type\":\"ImageObject\",\"inLanguage\":\"fr-CH\",\"@id\":\"https:\\\/\\\/klipfel.ch\\\/fr\\\/klipfel-hefe-sa\\\/production-vente-logistique\\\/#primaryimage\",\"url\":\"https:\\\/\\\/klipfel.ch\\\/wp-content\\\/uploads\\\/2024\\\/10\\\/ligne.webp\",\"contentUrl\":\"https:\\\/\\\/klipfel.ch\\\/wp-content\\\/uploads\\\/2024\\\/10\\\/ligne.webp\"},{\"@type\":\"BreadcrumbList\",\"@id\":\"https:\\\/\\\/klipfel.ch\\\/fr\\\/klipfel-hefe-sa\\\/production-vente-logistique\\\/#breadcrumb\",\"itemListElement\":[{\"@type\":\"ListItem\",\"position\":1,\"name\":\"Startseite\",\"item\":\"https:\\\/\\\/klipfel.ch\\\/fr\\\/klipfel-ch-votre-centre-de-competences-pour-les-produits-de-fermentation-dans-le-secteur-de-la-boulangerie\\\/\"},{\"@type\":\"ListItem\",\"position\":2,\"name\":\"Klipfel Hefe SA\",\"item\":\"https:\\\/\\\/klipfel.ch\\\/fr\\\/klipfel-hefe-sa\\\/\"},{\"@type\":\"ListItem\",\"position\":3,\"name\":\"Production, Vente, Logistique\"}]},{\"@type\":\"WebSite\",\"@id\":\"https:\\\/\\\/klipfel.ch\\\/fr\\\/#website\",\"url\":\"https:\\\/\\\/klipfel.ch\\\/fr\\\/\",\"name\":\"LESAFFRE Austria\",\"description\":\"Ihr Kompetenzzentrum f\u00fcr Fermentationsprodukte der Backbranche\",\"publisher\":{\"@id\":\"https:\\\/\\\/klipfel.ch\\\/fr\\\/#organization\"},\"potentialAction\":[{\"@type\":\"SearchAction\",\"target\":{\"@type\":\"EntryPoint\",\"urlTemplate\":\"https:\\\/\\\/klipfel.ch\\\/fr\\\/?s={search_term_string}\"},\"query-input\":{\"@type\":\"PropertyValueSpecification\",\"valueRequired\":true,\"valueName\":\"search_term_string\"}}],\"inLanguage\":\"fr-CH\"},{\"@type\":\"Organization\",\"@id\":\"https:\\\/\\\/klipfel.ch\\\/fr\\\/#organization\",\"name\":\"LESAFFRE Austria\",\"url\":\"https:\\\/\\\/klipfel.ch\\\/fr\\\/\",\"logo\":{\"@type\":\"ImageObject\",\"inLanguage\":\"fr-CH\",\"@id\":\"https:\\\/\\\/klipfel.ch\\\/fr\\\/#\\\/schema\\\/logo\\\/image\\\/\",\"url\":\"https:\\\/\\\/klipfel.ch\\\/wp-content\\\/uploads\\\/2024\\\/03\\\/logo0.png\",\"contentUrl\":\"https:\\\/\\\/klipfel.ch\\\/wp-content\\\/uploads\\\/2024\\\/03\\\/logo0.png\",\"width\":215,\"height\":166,\"caption\":\"LESAFFRE Austria\"},\"image\":{\"@id\":\"https:\\\/\\\/klipfel.ch\\\/fr\\\/#\\\/schema\\\/logo\\\/image\\\/\"}}]}<\/script>\n<!-- \/ Yoast SEO plugin. -->","yoast_head_json":{"title":"KLIPFEL Hefe AG - Production, Vente, Logistique","robots":{"index":"noindex","follow":"nofollow"},"og_locale":"fr_FR","og_type":"article","og_title":"KLIPFEL Hefe AG - Production, Vente, Logistique","og_description":"Production, Vente, Logistique Production La levure nous tient \u00e0 c\u0153ur Klipfel Hefe SA dispose \u00e0 Rheinfelden de sa propre production de levure pour sa client\u00e8le suisse. La levure est un produit frais qui, en raison de sa \u00ab dur\u00e9e de vie \u00bb limit\u00e9e, impose des exigences \u00e9lev\u00e9es aux collaborateurs, de la production \u00e0 la distribution. [&hellip;]","og_url":"https:\/\/klipfel.ch\/fr\/klipfel-hefe-sa\/production-vente-logistique\/","og_site_name":"KLIPFEL Hefe AG","article_modified_time":"2026-03-10T09:26:00+00:00","og_image":[{"width":5,"height":101,"url":"https:\/\/klipfel.ch\/wp-content\/uploads\/2024\/10\/ligne.webp","type":"image\/webp"}],"twitter_card":"summary_large_image","twitter_misc":{"Est. reading time":"2 minutes"},"schema":{"@context":"https:\/\/schema.org","@graph":[{"@type":"WebPage","@id":"https:\/\/klipfel.ch\/fr\/klipfel-hefe-sa\/production-vente-logistique\/","url":"https:\/\/klipfel.ch\/fr\/klipfel-hefe-sa\/production-vente-logistique\/","name":"KLIPFEL Hefe AG - Production, Vente, Logistique","isPartOf":{"@id":"https:\/\/klipfel.ch\/fr\/#website"},"primaryImageOfPage":{"@id":"https:\/\/klipfel.ch\/fr\/klipfel-hefe-sa\/production-vente-logistique\/#primaryimage"},"image":{"@id":"https:\/\/klipfel.ch\/fr\/klipfel-hefe-sa\/production-vente-logistique\/#primaryimage"},"thumbnailUrl":"https:\/\/klipfel.ch\/wp-content\/uploads\/2024\/10\/ligne.webp","datePublished":"2026-02-04T08:24:14+00:00","dateModified":"2026-03-10T09:26:00+00:00","breadcrumb":{"@id":"https:\/\/klipfel.ch\/fr\/klipfel-hefe-sa\/production-vente-logistique\/#breadcrumb"},"inLanguage":"fr-CH","potentialAction":[{"@type":"ReadAction","target":["https:\/\/klipfel.ch\/fr\/klipfel-hefe-sa\/production-vente-logistique\/"]}]},{"@type":"ImageObject","inLanguage":"fr-CH","@id":"https:\/\/klipfel.ch\/fr\/klipfel-hefe-sa\/production-vente-logistique\/#primaryimage","url":"https:\/\/klipfel.ch\/wp-content\/uploads\/2024\/10\/ligne.webp","contentUrl":"https:\/\/klipfel.ch\/wp-content\/uploads\/2024\/10\/ligne.webp"},{"@type":"BreadcrumbList","@id":"https:\/\/klipfel.ch\/fr\/klipfel-hefe-sa\/production-vente-logistique\/#breadcrumb","itemListElement":[{"@type":"ListItem","position":1,"name":"Startseite","item":"https:\/\/klipfel.ch\/fr\/klipfel-ch-votre-centre-de-competences-pour-les-produits-de-fermentation-dans-le-secteur-de-la-boulangerie\/"},{"@type":"ListItem","position":2,"name":"Klipfel Hefe SA","item":"https:\/\/klipfel.ch\/fr\/klipfel-hefe-sa\/"},{"@type":"ListItem","position":3,"name":"Production, Vente, Logistique"}]},{"@type":"WebSite","@id":"https:\/\/klipfel.ch\/fr\/#website","url":"https:\/\/klipfel.ch\/fr\/","name":"LESAFFRE Austria","description":"Ihr Kompetenzzentrum f\u00fcr Fermentationsprodukte der Backbranche","publisher":{"@id":"https:\/\/klipfel.ch\/fr\/#organization"},"potentialAction":[{"@type":"SearchAction","target":{"@type":"EntryPoint","urlTemplate":"https:\/\/klipfel.ch\/fr\/?s={search_term_string}"},"query-input":{"@type":"PropertyValueSpecification","valueRequired":true,"valueName":"search_term_string"}}],"inLanguage":"fr-CH"},{"@type":"Organization","@id":"https:\/\/klipfel.ch\/fr\/#organization","name":"LESAFFRE Austria","url":"https:\/\/klipfel.ch\/fr\/","logo":{"@type":"ImageObject","inLanguage":"fr-CH","@id":"https:\/\/klipfel.ch\/fr\/#\/schema\/logo\/image\/","url":"https:\/\/klipfel.ch\/wp-content\/uploads\/2024\/03\/logo0.png","contentUrl":"https:\/\/klipfel.ch\/wp-content\/uploads\/2024\/03\/logo0.png","width":215,"height":166,"caption":"LESAFFRE Austria"},"image":{"@id":"https:\/\/klipfel.ch\/fr\/#\/schema\/logo\/image\/"}}]}},"_links":{"self":[{"href":"https:\/\/klipfel.ch\/fr\/wp-json\/wp\/v2\/pages\/10106","targetHints":{"allow":["GET"]}}],"collection":[{"href":"https:\/\/klipfel.ch\/fr\/wp-json\/wp\/v2\/pages"}],"about":[{"href":"https:\/\/klipfel.ch\/fr\/wp-json\/wp\/v2\/types\/page"}],"author":[{"embeddable":true,"href":"https:\/\/klipfel.ch\/fr\/wp-json\/wp\/v2\/users\/17"}],"replies":[{"embeddable":true,"href":"https:\/\/klipfel.ch\/fr\/wp-json\/wp\/v2\/comments?post=10106"}],"version-history":[{"count":0,"href":"https:\/\/klipfel.ch\/fr\/wp-json\/wp\/v2\/pages\/10106\/revisions"}],"up":[{"embeddable":true,"href":"https:\/\/klipfel.ch\/fr\/wp-json\/wp\/v2\/pages\/10047"}],"wp:attachment":[{"href":"https:\/\/klipfel.ch\/fr\/wp-json\/wp\/v2\/media?parent=10106"}],"curies":[{"name":"wp","href":"https:\/\/api.w.org\/{rel}","templated":true}]}}