{"id":10038,"date":"2026-02-09T18:18:22","date_gmt":"2026-02-09T17:18:22","guid":{"rendered":"https:\/\/klipfel.ch\/carrieres\/"},"modified":"2026-03-09T08:12:06","modified_gmt":"2026-03-09T07:12:06","slug":"carrieres","status":"publish","type":"page","link":"https:\/\/klipfel.ch\/fr\/klipfel-hefe-sa\/carrieres\/","title":{"rendered":"Carri\u00e8res"},"content":{"rendered":"\t\t<div data-elementor-type=\"wp-page\" data-elementor-id=\"10038\" class=\"elementor elementor-10038 elementor-9300\" data-elementor-post-type=\"page\">\n\t\t\t\t<div class=\"elementor-element elementor-element-b5140a4 e-con-full e-flex e-con e-parent\" data-id=\"b5140a4\" data-element_type=\"container\" data-e-type=\"container\" data-settings=\"{&quot;background_background&quot;:&quot;classic&quot;}\">\n\t\t<div class=\"elementor-element elementor-element-10d7d27 e-con-full e-flex e-con e-child\" data-id=\"10d7d27\" data-element_type=\"container\" data-e-type=\"container\" data-settings=\"{&quot;background_background&quot;:&quot;classic&quot;}\">\n\t\t\t\t<div class=\"elementor-element elementor-element-21997d4 elementor-widget elementor-widget-heading\" data-id=\"21997d4\" data-element_type=\"widget\" data-e-type=\"widget\" data-widget_type=\"heading.default\">\n\t\t\t\t<div class=\"elementor-widget-container\">\n\t\t\t\t\t<h1 class=\"elementor-heading-title elementor-size-default\">Carri\u00e8re chez nous<\/h1>\t\t\t\t<\/div>\n\t\t\t\t<\/div>\n\t\t\t\t<\/div>\n\t\t\t\t<\/div>\n\t\t<div class=\"elementor-element elementor-element-75c4ac8 e-flex e-con-boxed e-con e-parent\" data-id=\"75c4ac8\" data-element_type=\"container\" data-e-type=\"container\">\n\t\t\t\t\t<div class=\"e-con-inner\">\n\t\t\t\t<div class=\"elementor-element elementor-element-cc958f5 elementor-widget elementor-widget-image\" data-id=\"cc958f5\" data-element_type=\"widget\" data-e-type=\"widget\" data-widget_type=\"image.default\">\n\t\t\t\t<div class=\"elementor-widget-container\">\n\t\t\t\t\t\t\t\t\t\t\t\t\t\t\t<img decoding=\"async\" width=\"5\" height=\"101\" src=\"https:\/\/klipfel.ch\/wp-content\/uploads\/2024\/10\/ligne.webp\" class=\"attachment-full size-full wp-image-9948\" alt=\"LESAFFRE - Vertikale Linie gro\u00df\" \/>\t\t\t\t\t\t\t\t\t\t\t\t\t\t\t<\/div>\n\t\t\t\t<\/div>\n\t\t\t\t\t<\/div>\n\t\t\t\t<\/div>\n\t\t<div class=\"elementor-element elementor-element-875e278 e-flex e-con-boxed e-con e-parent\" data-id=\"875e278\" data-element_type=\"container\" data-e-type=\"container\" data-settings=\"{&quot;background_background&quot;:&quot;classic&quot;}\">\n\t\t\t\t\t<div class=\"e-con-inner\">\n\t\t\t\t<div class=\"elementor-element elementor-element-c59ed58 elementor-widget elementor-widget-text-editor\" data-id=\"c59ed58\" data-element_type=\"widget\" data-e-type=\"widget\" data-widget_type=\"text-editor.default\">\n\t\t\t\t<div class=\"elementor-widget-container\">\n\t\t\t\t\t\t\t\t\t<p style=\"font-weight: 400;\"><strong>Offres d&#8217;emploi actuelles chez Klipfel Levure SA<\/strong><\/p><p style=\"font-weight: 400;\"><em>Aucun poste vacant pour le moment<\/em><\/p><p> <\/p><p style=\"font-weight: 400;\"><strong>Carri\u00e8re chez Lesaffre<\/strong><\/p><p style=\"font-weight: 400;\"><a href=\"https:\/\/www.lesaffre.com\/jobs\/\">\u2192 www.lesaffre.com\/jobs\/<\/a><\/p>\t\t\t\t\t\t\t\t<\/div>\n\t\t\t\t<\/div>\n\t\t\t\t\t<\/div>\n\t\t\t\t<\/div>\n\t\t\t\t<\/div>\n\t\t","protected":false},"excerpt":{"rendered":"<p>Carri\u00e8re chez nous Offres d&#8217;emploi actuelles chez Klipfel Levure SA Aucun poste vacant pour le moment Carri\u00e8re chez Lesaffre \u2192 www.lesaffre.com\/jobs\/<\/p>\n","protected":false},"author":17,"featured_media":0,"parent":10047,"menu_order":70,"comment_status":"closed","ping_status":"closed","template":"","meta":{"_acf_changed":false,"footnotes":""},"class_list":["post-10038","page","type-page","status-publish","hentry"],"acf":[],"yoast_head":"<!-- This site is optimized with the Yoast SEO plugin v27.5 - https:\/\/yoast.com\/product\/yoast-seo-wordpress\/ -->\n<title>KLIPFEL Hefe AG - Carri\u00e8res<\/title>\n<meta name=\"robots\" content=\"noindex, nofollow\" \/>\n<meta property=\"og:locale\" content=\"fr_FR\" \/>\n<meta property=\"og:type\" content=\"article\" \/>\n<meta property=\"og:title\" content=\"KLIPFEL Hefe AG - Carri\u00e8res\" \/>\n<meta property=\"og:description\" content=\"Carri\u00e8re chez nous Offres d&#8217;emploi actuelles chez Klipfel Levure SA Aucun poste vacant pour le moment Carri\u00e8re chez Lesaffre \u2192 www.lesaffre.com\/jobs\/\" \/>\n<meta property=\"og:url\" content=\"https:\/\/klipfel.ch\/fr\/klipfel-hefe-sa\/carrieres\/\" \/>\n<meta property=\"og:site_name\" content=\"KLIPFEL Hefe AG\" \/>\n<meta property=\"article:modified_time\" content=\"2026-03-09T07:12:06+00:00\" \/>\n<meta property=\"og:image\" content=\"https:\/\/klipfel.ch\/wp-content\/uploads\/2024\/10\/ligne.webp\" \/>\n\t<meta property=\"og:image:width\" content=\"5\" \/>\n\t<meta property=\"og:image:height\" content=\"101\" \/>\n\t<meta property=\"og:image:type\" content=\"image\/webp\" \/>\n<meta name=\"twitter:card\" content=\"summary_large_image\" \/>\n<script type=\"application\/ld+json\" class=\"yoast-schema-graph\">{\"@context\":\"https:\\\/\\\/schema.org\",\"@graph\":[{\"@type\":\"WebPage\",\"@id\":\"https:\\\/\\\/klipfel.ch\\\/fr\\\/klipfel-hefe-sa\\\/carrieres\\\/\",\"url\":\"https:\\\/\\\/klipfel.ch\\\/fr\\\/klipfel-hefe-sa\\\/carrieres\\\/\",\"name\":\"KLIPFEL Hefe AG - Carri\u00e8res\",\"isPartOf\":{\"@id\":\"https:\\\/\\\/klipfel.ch\\\/fr\\\/#website\"},\"primaryImageOfPage\":{\"@id\":\"https:\\\/\\\/klipfel.ch\\\/fr\\\/klipfel-hefe-sa\\\/carrieres\\\/#primaryimage\"},\"image\":{\"@id\":\"https:\\\/\\\/klipfel.ch\\\/fr\\\/klipfel-hefe-sa\\\/carrieres\\\/#primaryimage\"},\"thumbnailUrl\":\"https:\\\/\\\/klipfel.ch\\\/wp-content\\\/uploads\\\/2024\\\/10\\\/ligne.webp\",\"datePublished\":\"2026-02-09T17:18:22+00:00\",\"dateModified\":\"2026-03-09T07:12:06+00:00\",\"breadcrumb\":{\"@id\":\"https:\\\/\\\/klipfel.ch\\\/fr\\\/klipfel-hefe-sa\\\/carrieres\\\/#breadcrumb\"},\"inLanguage\":\"fr-CH\",\"potentialAction\":[{\"@type\":\"ReadAction\",\"target\":[\"https:\\\/\\\/klipfel.ch\\\/fr\\\/klipfel-hefe-sa\\\/carrieres\\\/\"]}]},{\"@type\":\"ImageObject\",\"inLanguage\":\"fr-CH\",\"@id\":\"https:\\\/\\\/klipfel.ch\\\/fr\\\/klipfel-hefe-sa\\\/carrieres\\\/#primaryimage\",\"url\":\"https:\\\/\\\/klipfel.ch\\\/wp-content\\\/uploads\\\/2024\\\/10\\\/ligne.webp\",\"contentUrl\":\"https:\\\/\\\/klipfel.ch\\\/wp-content\\\/uploads\\\/2024\\\/10\\\/ligne.webp\"},{\"@type\":\"BreadcrumbList\",\"@id\":\"https:\\\/\\\/klipfel.ch\\\/fr\\\/klipfel-hefe-sa\\\/carrieres\\\/#breadcrumb\",\"itemListElement\":[{\"@type\":\"ListItem\",\"position\":1,\"name\":\"Startseite\",\"item\":\"https:\\\/\\\/klipfel.ch\\\/fr\\\/klipfel-ch-votre-centre-de-competences-pour-les-produits-de-fermentation-dans-le-secteur-de-la-boulangerie\\\/\"},{\"@type\":\"ListItem\",\"position\":2,\"name\":\"Klipfel Hefe SA\",\"item\":\"https:\\\/\\\/klipfel.ch\\\/fr\\\/klipfel-hefe-sa\\\/\"},{\"@type\":\"ListItem\",\"position\":3,\"name\":\"Carri\u00e8res\"}]},{\"@type\":\"WebSite\",\"@id\":\"https:\\\/\\\/klipfel.ch\\\/fr\\\/#website\",\"url\":\"https:\\\/\\\/klipfel.ch\\\/fr\\\/\",\"name\":\"LESAFFRE Austria\",\"description\":\"Ihr Kompetenzzentrum f\u00fcr Fermentationsprodukte der Backbranche\",\"publisher\":{\"@id\":\"https:\\\/\\\/klipfel.ch\\\/fr\\\/#organization\"},\"potentialAction\":[{\"@type\":\"SearchAction\",\"target\":{\"@type\":\"EntryPoint\",\"urlTemplate\":\"https:\\\/\\\/klipfel.ch\\\/fr\\\/?s={search_term_string}\"},\"query-input\":{\"@type\":\"PropertyValueSpecification\",\"valueRequired\":true,\"valueName\":\"search_term_string\"}}],\"inLanguage\":\"fr-CH\"},{\"@type\":\"Organization\",\"@id\":\"https:\\\/\\\/klipfel.ch\\\/fr\\\/#organization\",\"name\":\"LESAFFRE Austria\",\"url\":\"https:\\\/\\\/klipfel.ch\\\/fr\\\/\",\"logo\":{\"@type\":\"ImageObject\",\"inLanguage\":\"fr-CH\",\"@id\":\"https:\\\/\\\/klipfel.ch\\\/fr\\\/#\\\/schema\\\/logo\\\/image\\\/\",\"url\":\"https:\\\/\\\/klipfel.ch\\\/wp-content\\\/uploads\\\/2024\\\/03\\\/logo0.png\",\"contentUrl\":\"https:\\\/\\\/klipfel.ch\\\/wp-content\\\/uploads\\\/2024\\\/03\\\/logo0.png\",\"width\":215,\"height\":166,\"caption\":\"LESAFFRE Austria\"},\"image\":{\"@id\":\"https:\\\/\\\/klipfel.ch\\\/fr\\\/#\\\/schema\\\/logo\\\/image\\\/\"}}]}<\/script>\n<!-- \/ Yoast SEO plugin. -->","yoast_head_json":{"title":"KLIPFEL Hefe AG - Carri\u00e8res","robots":{"index":"noindex","follow":"nofollow"},"og_locale":"fr_FR","og_type":"article","og_title":"KLIPFEL Hefe AG - Carri\u00e8res","og_description":"Carri\u00e8re chez nous Offres d&#8217;emploi actuelles chez Klipfel Levure SA Aucun poste vacant pour le moment Carri\u00e8re chez Lesaffre \u2192 www.lesaffre.com\/jobs\/","og_url":"https:\/\/klipfel.ch\/fr\/klipfel-hefe-sa\/carrieres\/","og_site_name":"KLIPFEL Hefe AG","article_modified_time":"2026-03-09T07:12:06+00:00","og_image":[{"width":5,"height":101,"url":"https:\/\/klipfel.ch\/wp-content\/uploads\/2024\/10\/ligne.webp","type":"image\/webp"}],"twitter_card":"summary_large_image","schema":{"@context":"https:\/\/schema.org","@graph":[{"@type":"WebPage","@id":"https:\/\/klipfel.ch\/fr\/klipfel-hefe-sa\/carrieres\/","url":"https:\/\/klipfel.ch\/fr\/klipfel-hefe-sa\/carrieres\/","name":"KLIPFEL Hefe AG - Carri\u00e8res","isPartOf":{"@id":"https:\/\/klipfel.ch\/fr\/#website"},"primaryImageOfPage":{"@id":"https:\/\/klipfel.ch\/fr\/klipfel-hefe-sa\/carrieres\/#primaryimage"},"image":{"@id":"https:\/\/klipfel.ch\/fr\/klipfel-hefe-sa\/carrieres\/#primaryimage"},"thumbnailUrl":"https:\/\/klipfel.ch\/wp-content\/uploads\/2024\/10\/ligne.webp","datePublished":"2026-02-09T17:18:22+00:00","dateModified":"2026-03-09T07:12:06+00:00","breadcrumb":{"@id":"https:\/\/klipfel.ch\/fr\/klipfel-hefe-sa\/carrieres\/#breadcrumb"},"inLanguage":"fr-CH","potentialAction":[{"@type":"ReadAction","target":["https:\/\/klipfel.ch\/fr\/klipfel-hefe-sa\/carrieres\/"]}]},{"@type":"ImageObject","inLanguage":"fr-CH","@id":"https:\/\/klipfel.ch\/fr\/klipfel-hefe-sa\/carrieres\/#primaryimage","url":"https:\/\/klipfel.ch\/wp-content\/uploads\/2024\/10\/ligne.webp","contentUrl":"https:\/\/klipfel.ch\/wp-content\/uploads\/2024\/10\/ligne.webp"},{"@type":"BreadcrumbList","@id":"https:\/\/klipfel.ch\/fr\/klipfel-hefe-sa\/carrieres\/#breadcrumb","itemListElement":[{"@type":"ListItem","position":1,"name":"Startseite","item":"https:\/\/klipfel.ch\/fr\/klipfel-ch-votre-centre-de-competences-pour-les-produits-de-fermentation-dans-le-secteur-de-la-boulangerie\/"},{"@type":"ListItem","position":2,"name":"Klipfel Hefe SA","item":"https:\/\/klipfel.ch\/fr\/klipfel-hefe-sa\/"},{"@type":"ListItem","position":3,"name":"Carri\u00e8res"}]},{"@type":"WebSite","@id":"https:\/\/klipfel.ch\/fr\/#website","url":"https:\/\/klipfel.ch\/fr\/","name":"LESAFFRE Austria","description":"Ihr Kompetenzzentrum f\u00fcr Fermentationsprodukte der Backbranche","publisher":{"@id":"https:\/\/klipfel.ch\/fr\/#organization"},"potentialAction":[{"@type":"SearchAction","target":{"@type":"EntryPoint","urlTemplate":"https:\/\/klipfel.ch\/fr\/?s={search_term_string}"},"query-input":{"@type":"PropertyValueSpecification","valueRequired":true,"valueName":"search_term_string"}}],"inLanguage":"fr-CH"},{"@type":"Organization","@id":"https:\/\/klipfel.ch\/fr\/#organization","name":"LESAFFRE Austria","url":"https:\/\/klipfel.ch\/fr\/","logo":{"@type":"ImageObject","inLanguage":"fr-CH","@id":"https:\/\/klipfel.ch\/fr\/#\/schema\/logo\/image\/","url":"https:\/\/klipfel.ch\/wp-content\/uploads\/2024\/03\/logo0.png","contentUrl":"https:\/\/klipfel.ch\/wp-content\/uploads\/2024\/03\/logo0.png","width":215,"height":166,"caption":"LESAFFRE Austria"},"image":{"@id":"https:\/\/klipfel.ch\/fr\/#\/schema\/logo\/image\/"}}]}},"_links":{"self":[{"href":"https:\/\/klipfel.ch\/fr\/wp-json\/wp\/v2\/pages\/10038","targetHints":{"allow":["GET"]}}],"collection":[{"href":"https:\/\/klipfel.ch\/fr\/wp-json\/wp\/v2\/pages"}],"about":[{"href":"https:\/\/klipfel.ch\/fr\/wp-json\/wp\/v2\/types\/page"}],"author":[{"embeddable":true,"href":"https:\/\/klipfel.ch\/fr\/wp-json\/wp\/v2\/users\/17"}],"replies":[{"embeddable":true,"href":"https:\/\/klipfel.ch\/fr\/wp-json\/wp\/v2\/comments?post=10038"}],"version-history":[{"count":0,"href":"https:\/\/klipfel.ch\/fr\/wp-json\/wp\/v2\/pages\/10038\/revisions"}],"up":[{"embeddable":true,"href":"https:\/\/klipfel.ch\/fr\/wp-json\/wp\/v2\/pages\/10047"}],"wp:attachment":[{"href":"https:\/\/klipfel.ch\/fr\/wp-json\/wp\/v2\/media?parent=10038"}],"curies":[{"name":"wp","href":"https:\/\/api.w.org\/{rel}","templated":true}]}}